{"id":4163,"date":"2019-09-19T11:52:08","date_gmt":"2019-09-19T11:52:08","guid":{"rendered":"http:\/\/entreprenari.com\/manuel-laborde-werlinden-awards\/manuel-laborde-werlindens-biography\/"},"modified":"2021-10-01T07:17:50","modified_gmt":"2021-10-01T07:17:50","slug":"manuel-laborde-werlindens-biography","status":"publish","type":"page","link":"https:\/\/entreprenari.com\/en\/manuel-laborde-werlindens-biography\/","title":{"rendered":"Manuel Laborde Werlinden&#8217;s Biography"},"content":{"rendered":"\t\t<div data-elementor-type=\"wp-page\" data-elementor-id=\"4163\" class=\"elementor elementor-4163 elementor-2452\" data-elementor-post-type=\"page\">\n\t\t\t\t\t\t<section class=\"elementor-section elementor-top-section elementor-element elementor-element-280944d2 elementor-section-stretched elementor-section-height-min-height elementor-section-content-middle elementor-section-boxed elementor-section-height-default elementor-section-items-middle\" data-id=\"280944d2\" data-element_type=\"section\" data-e-type=\"section\" data-settings=\"{&quot;stretch_section&quot;:&quot;section-stretched&quot;,&quot;background_background&quot;:&quot;classic&quot;}\">\n\t\t\t\t\t\t\t<div class=\"elementor-background-overlay\"><\/div>\n\t\t\t\t\t\t\t<div class=\"elementor-container elementor-column-gap-default\">\n\t\t\t\t\t<div class=\"elementor-column elementor-col-100 elementor-top-column elementor-element elementor-element-641859d5\" data-id=\"641859d5\" data-element_type=\"column\" data-e-type=\"column\">\n\t\t\t<div class=\"elementor-widget-wrap elementor-element-populated\">\n\t\t\t\t\t\t<div class=\"elementor-element elementor-element-3e72edb6 elementor-widget elementor-widget-heading\" data-id=\"3e72edb6\" data-element_type=\"widget\" data-e-type=\"widget\" data-widget_type=\"heading.default\">\n\t\t\t\t<div class=\"elementor-widget-container\">\n\t\t\t\t\t<h2 class=\"elementor-heading-title elementor-size-default\">MANUEL LABORDE WERLINDE'S BIOGRAPHY<\/h2>\t\t\t\t<\/div>\n\t\t\t\t<\/div>\n\t\t\t\t\t<\/div>\n\t\t<\/div>\n\t\t\t\t\t<\/div>\n\t\t<\/section>\n\t\t\t\t<section class=\"elementor-section elementor-top-section elementor-element elementor-element-1dfa9515 elementor-section-boxed elementor-section-height-default elementor-section-height-default\" data-id=\"1dfa9515\" data-element_type=\"section\" data-e-type=\"section\" data-settings=\"{&quot;background_background&quot;:&quot;classic&quot;,&quot;shape_divider_top&quot;:&quot;mountains&quot;}\">\n\t\t\t\t\t<div class=\"elementor-shape elementor-shape-top\" aria-hidden=\"true\" data-negative=\"false\">\n\t\t\t<svg xmlns=\"http:\/\/www.w3.org\/2000\/svg\" viewBox=\"0 0 1000 100\" preserveAspectRatio=\"none\">\n\t<path class=\"elementor-shape-fill\" opacity=\"0.33\" d=\"M473,67.3c-203.9,88.3-263.1-34-320.3,0C66,119.1,0,59.7,0,59.7V0h1000v59.7 c0,0-62.1,26.1-94.9,29.3c-32.8,3.3-62.8-12.3-75.8-22.1C806,49.6,745.3,8.7,694.9,4.7S492.4,59,473,67.3z\"\/>\n\t<path class=\"elementor-shape-fill\" opacity=\"0.66\" d=\"M734,67.3c-45.5,0-77.2-23.2-129.1-39.1c-28.6-8.7-150.3-10.1-254,39.1 s-91.7-34.4-149.2,0C115.7,118.3,0,39.8,0,39.8V0h1000v36.5c0,0-28.2-18.5-92.1-18.5C810.2,18.1,775.7,67.3,734,67.3z\"\/>\n\t<path class=\"elementor-shape-fill\" d=\"M766.1,28.9c-200-57.5-266,65.5-395.1,19.5C242,1.8,242,5.4,184.8,20.6C128,35.8,132.3,44.9,89.9,52.5C28.6,63.7,0,0,0,0 h1000c0,0-9.9,40.9-83.6,48.1S829.6,47,766.1,28.9z\"\/>\n<\/svg>\t\t<\/div>\n\t\t\t\t\t<div class=\"elementor-container elementor-column-gap-default\">\n\t\t\t\t\t<div class=\"elementor-column elementor-col-100 elementor-top-column elementor-element elementor-element-2aba4cf3\" data-id=\"2aba4cf3\" data-element_type=\"column\" data-e-type=\"column\">\n\t\t\t<div class=\"elementor-widget-wrap elementor-element-populated\">\n\t\t\t\t\t\t<section class=\"elementor-section elementor-inner-section elementor-element elementor-element-476534e elementor-section-boxed elementor-section-height-default elementor-section-height-default\" data-id=\"476534e\" data-element_type=\"section\" data-e-type=\"section\">\n\t\t\t\t\t\t<div class=\"elementor-container elementor-column-gap-default\">\n\t\t\t\t\t<div class=\"elementor-column elementor-col-50 elementor-inner-column elementor-element elementor-element-f9f9ae4\" data-id=\"f9f9ae4\" data-element_type=\"column\" data-e-type=\"column\">\n\t\t\t<div class=\"elementor-widget-wrap elementor-element-populated\">\n\t\t\t\t\t\t<div class=\"elementor-element elementor-element-1444493 elementor-widget elementor-widget-image\" data-id=\"1444493\" data-element_type=\"widget\" data-e-type=\"widget\" data-widget_type=\"image.default\">\n\t\t\t\t<div class=\"elementor-widget-container\">\n\t\t\t\t\t\t\t\t\t\t\t\t\t\t\t<img decoding=\"async\" width=\"185\" height=\"232\" src=\"https:\/\/entreprenari.com\/wp-content\/uploads\/2018\/09\/manuel-laborde.png\" class=\"attachment-large size-large wp-image-4164\" alt=\"\" \/>\t\t\t\t\t\t\t\t\t\t\t\t\t\t\t<\/div>\n\t\t\t\t<\/div>\n\t\t\t\t\t<\/div>\n\t\t<\/div>\n\t\t\t\t<div class=\"elementor-column elementor-col-50 elementor-inner-column elementor-element elementor-element-066d793\" data-id=\"066d793\" data-element_type=\"column\" data-e-type=\"column\">\n\t\t\t<div class=\"elementor-widget-wrap elementor-element-populated\">\n\t\t\t\t\t\t<div class=\"elementor-element elementor-element-8e6a040 elementor-widget elementor-widget-text-editor\" data-id=\"8e6a040\" data-element_type=\"widget\" data-e-type=\"widget\" data-widget_type=\"text-editor.default\">\n\t\t\t\t<div class=\"elementor-widget-container\">\n\t\t\t\t\t\t\t\t\t<p>He was born in\u00a0<strong>Tolosa on 29th December 1899<\/strong>\u00a0and died in\u00a0<strong>San Sebasti\u00e1n on 12th May 1993<\/strong>. He started his studies in his home town, before moving on to Santander Industrial School. In 1917 he was admitted to the Bilbao Higher Technical School of Engineering. In 1923 he obtained the title of\u00a0<strong>Industrial Engineer<\/strong>.<\/p>\n<p>He started work at the <strong>CAF<\/strong> company, where he was the technical manager of the departments of laboratories, foundry, steel furnaces and lamination. The Laborde family went on to establish a <strong>family business<\/strong> in Andoain in\u00a0<strong>1926<\/strong>. Manuel was appointed the managing director of this new company. The building in which the Laborde brothers set up their business in Andoain is a masterpiece of rationalist architecture, and has been acknowledged as such by the Basque Government Ministry of Culture as it has been catalogued as a monument, alongside the Real Club N\u00e1utico in San Sebasti\u00e1n. He later formed part of the Board of Directors of a hard metal company and of another machine-tool company based in Villabona.<\/p>\n\t\t\t\t\t\t\t\t<\/div>\n\t\t\t\t<\/div>\n\t\t\t\t\t<\/div>\n\t\t<\/div>\n\t\t\t\t\t<\/div>\n\t\t<\/section>\n\t\t\t\t<div class=\"elementor-element elementor-element-7029e1c elementor-widget elementor-widget-text-editor\" data-id=\"7029e1c\" data-element_type=\"widget\" data-e-type=\"widget\" data-widget_type=\"text-editor.default\">\n\t\t\t\t<div class=\"elementor-widget-container\">\n\t\t\t\t\t\t\t\t\t<p>He was one of the first members of the<strong>\u00a0\u201c<em>Amigos de Aralar<\/em>\u201d<\/strong> group, from 1927. He was one of the founders of the <strong>ARANZADI<\/strong>\u00a0Scientific Association in 1947. He had a particularly good relationship with the first Chairperson of Aranzadi, Tomas Atauri, and with the first Secretary, Jes\u00fas El\u00f3segui, and he collaborated with them on many research projects.<\/p>\n<p>In the year 1952, he had a decisive intervention, along with Jes\u00fas El\u00f3segui from ARANZADI and Ziriquiain-Gaiztarro from <em>Amigos del Pais<\/em>, to enable\u00a0<strong>Jose Miguel Barandiar\u00e1n<\/strong>\u00a0to come back to the Southern Basque Country after his time in Sare. He had a close relationship with Barandiar\u00e1n and Manuel Lekuona.<\/p>\n<p>In 1963 he was appointed a member of the executive committee of the department of nuclear technology at the Bilbao Higher Technical School of Industrial Engineers. From 1969 onwards he was a member of the Technical Board of the\u00a0<strong>LUCAS MALLADA geological research institute<\/strong>. He was also a member of the<strong>\u00a0<em>Real Sociedad Bascongada de Amigos del Pa\u00eds<\/em><\/strong> \/ RSBAP [Royal Basque Society of Friends of the Country].<\/p>\n<p>He published a long list of articles about geology, mining, metallurgy, forges and prehistory in the <strong>ARANZADI<\/strong> journal \u201c<strong>MUNIBE<\/strong>\u201d , in the RSBAP newsletter and in other magazines. The discovery of two dolmens, fourteen steles and the MARIZULO prehistoric cave in Gipuzkoa are all thanks to him. He worked on the research for the <strong>ARANZADI<\/strong>\u00a0digs, alongside Jesus Altuna, Tomas Atauri, Jose Miguel Barandiar\u00e1n and Jes\u00fas El\u00f3segui. He played an active role in many of the research projects carried out by Barandiar\u00e1n and Altuna between 1960 and 1975, and apart from participating, he also provided his help. In those difficult years, apart from offering moral support, he even provided material help to carry out some of the research projects.<\/p>\n<p>He was passionate about nature, agriculture, stamp collecting, iconography, painting and graphic art. He made an essential contribution to the excellent documentary \u201cGuip\u00fazcoa\u201d by P\u00edo Caro Baroja.<\/p>\n<p>He was President of the Department of Physical Sciences, Chemistry and Mathematics at the\u00a0<strong>Eusko Ikaskuntza<\/strong>\u00a0from 1978 to 1980. In 1984 the <em>Real Sociedad Bascongada de Amigos del Pa\u00eds<\/em> paid tribute to him at the Palacio Insausti in Azkoitia. In 1988 he was given the<strong> \u201cManuel Lekuona\u201d award<\/strong>\u00a0from the Eusko Ikaskuntza at the Provincial Council.<\/p>\n<p>In the words of Juan Antonio Garmendia El\u00f3segui, Manuel was a good, generous, kind, warm, honest and helpful man; he was a true gentleman. A man of his word.<\/p>\n\t\t\t\t\t\t\t\t<\/div>\n\t\t\t\t<\/div>\n\t\t\t\t\t<\/div>\n\t\t<\/div>\n\t\t\t\t\t<\/div>\n\t\t<\/section>\n\t\t\t\t<\/div>\n\t\t","protected":false},"excerpt":{"rendered":"<p>MANUEL LABORDE WERLINDE&#8217;S BIOGRAPHY He was born in\u00a0Tolosa on 29th December 1899\u00a0and died in\u00a0San Sebasti\u00e1n on 12th May 1993. He started his studies in his home town, before moving on to Santander Industrial School. In 1917 he was admitted to the Bilbao Higher Technical School of Engineering. In 1923 he obtained the title of\u00a0Industrial Engineer. [&hellip;]<\/p>\n","protected":false},"author":1,"featured_media":0,"parent":0,"menu_order":0,"comment_status":"closed","ping_status":"closed","template":"elementor_header_footer","meta":{"footnotes":""},"class_list":["post-4163","page","type-page","status-publish","hentry"],"_links":{"self":[{"href":"https:\/\/entreprenari.com\/en\/wp-json\/wp\/v2\/pages\/4163","targetHints":{"allow":["GET"]}}],"collection":[{"href":"https:\/\/entreprenari.com\/en\/wp-json\/wp\/v2\/pages"}],"about":[{"href":"https:\/\/entreprenari.com\/en\/wp-json\/wp\/v2\/types\/page"}],"author":[{"embeddable":true,"href":"https:\/\/entreprenari.com\/en\/wp-json\/wp\/v2\/users\/1"}],"replies":[{"embeddable":true,"href":"https:\/\/entreprenari.com\/en\/wp-json\/wp\/v2\/comments?post=4163"}],"version-history":[{"count":4,"href":"https:\/\/entreprenari.com\/en\/wp-json\/wp\/v2\/pages\/4163\/revisions"}],"predecessor-version":[{"id":5407,"href":"https:\/\/entreprenari.com\/en\/wp-json\/wp\/v2\/pages\/4163\/revisions\/5407"}],"wp:attachment":[{"href":"https:\/\/entreprenari.com\/en\/wp-json\/wp\/v2\/media?parent=4163"}],"curies":[{"name":"wp","href":"https:\/\/api.w.org\/{rel}","templated":true}]}}