{"id":2475,"date":"2018-09-18T04:49:49","date_gmt":"2018-09-18T04:49:49","guid":{"rendered":"http:\/\/entreprenari.com\/manuel-laborde-biografia\/"},"modified":"2025-09-26T11:35:20","modified_gmt":"2025-09-26T10:35:20","slug":"manuel-laborde-biografia","status":"publish","type":"page","link":"https:\/\/entreprenari.com\/eu\/manuel-laborde-biografia\/","title":{"rendered":"Biografia"},"content":{"rendered":"\t\t<div data-elementor-type=\"wp-page\" data-elementor-id=\"2475\" class=\"elementor elementor-2475 elementor-2452\" data-elementor-post-type=\"page\">\n\t\t\t\t\t\t<section class=\"elementor-section elementor-top-section elementor-element elementor-element-280944d2 elementor-section-stretched elementor-section-height-min-height elementor-section-content-middle elementor-section-boxed elementor-section-height-default elementor-section-items-middle\" data-id=\"280944d2\" data-element_type=\"section\" data-e-type=\"section\" data-settings=\"{&quot;stretch_section&quot;:&quot;section-stretched&quot;,&quot;background_background&quot;:&quot;classic&quot;}\">\n\t\t\t\t\t\t\t<div class=\"elementor-background-overlay\"><\/div>\n\t\t\t\t\t\t\t<div class=\"elementor-container elementor-column-gap-default\">\n\t\t\t\t\t<div class=\"elementor-column elementor-col-100 elementor-top-column elementor-element elementor-element-641859d5\" data-id=\"641859d5\" data-element_type=\"column\" data-e-type=\"column\">\n\t\t\t<div class=\"elementor-widget-wrap elementor-element-populated\">\n\t\t\t\t\t\t\t<\/div>\n\t\t<\/div>\n\t\t\t\t\t<\/div>\n\t\t<\/section>\n\t\t\t\t<section class=\"elementor-section elementor-top-section elementor-element elementor-element-1dfa9515 elementor-section-boxed elementor-section-height-default elementor-section-height-default\" data-id=\"1dfa9515\" data-element_type=\"section\" data-e-type=\"section\" data-settings=\"{&quot;background_background&quot;:&quot;classic&quot;,&quot;shape_divider_top&quot;:&quot;mountains&quot;}\">\n\t\t\t\t\t<div class=\"elementor-shape elementor-shape-top\" aria-hidden=\"true\" data-negative=\"false\">\n\t\t\t<svg xmlns=\"http:\/\/www.w3.org\/2000\/svg\" viewBox=\"0 0 1000 100\" preserveAspectRatio=\"none\">\n\t<path class=\"elementor-shape-fill\" opacity=\"0.33\" d=\"M473,67.3c-203.9,88.3-263.1-34-320.3,0C66,119.1,0,59.7,0,59.7V0h1000v59.7 c0,0-62.1,26.1-94.9,29.3c-32.8,3.3-62.8-12.3-75.8-22.1C806,49.6,745.3,8.7,694.9,4.7S492.4,59,473,67.3z\"\/>\n\t<path class=\"elementor-shape-fill\" opacity=\"0.66\" d=\"M734,67.3c-45.5,0-77.2-23.2-129.1-39.1c-28.6-8.7-150.3-10.1-254,39.1 s-91.7-34.4-149.2,0C115.7,118.3,0,39.8,0,39.8V0h1000v36.5c0,0-28.2-18.5-92.1-18.5C810.2,18.1,775.7,67.3,734,67.3z\"\/>\n\t<path class=\"elementor-shape-fill\" d=\"M766.1,28.9c-200-57.5-266,65.5-395.1,19.5C242,1.8,242,5.4,184.8,20.6C128,35.8,132.3,44.9,89.9,52.5C28.6,63.7,0,0,0,0 h1000c0,0-9.9,40.9-83.6,48.1S829.6,47,766.1,28.9z\"\/>\n<\/svg>\t\t<\/div>\n\t\t\t\t\t<div class=\"elementor-container elementor-column-gap-default\">\n\t\t\t\t\t<div class=\"elementor-column elementor-col-100 elementor-top-column elementor-element elementor-element-2aba4cf3\" data-id=\"2aba4cf3\" data-element_type=\"column\" data-e-type=\"column\">\n\t\t\t<div class=\"elementor-widget-wrap elementor-element-populated\">\n\t\t\t\t\t\t<section class=\"elementor-section elementor-inner-section elementor-element elementor-element-476534e elementor-section-boxed elementor-section-height-default elementor-section-height-default\" data-id=\"476534e\" data-element_type=\"section\" data-e-type=\"section\">\n\t\t\t\t\t\t<div class=\"elementor-container elementor-column-gap-default\">\n\t\t\t\t\t<div class=\"elementor-column elementor-col-50 elementor-inner-column elementor-element elementor-element-f9f9ae4\" data-id=\"f9f9ae4\" data-element_type=\"column\" data-e-type=\"column\">\n\t\t\t<div class=\"elementor-widget-wrap elementor-element-populated\">\n\t\t\t\t\t\t<div class=\"elementor-element elementor-element-1444493 elementor-widget elementor-widget-image\" data-id=\"1444493\" data-element_type=\"widget\" data-e-type=\"widget\" data-widget_type=\"image.default\">\n\t\t\t\t<div class=\"elementor-widget-container\">\n\t\t\t\t\t\t\t\t\t\t\t\t\t\t\t<img decoding=\"async\" width=\"185\" height=\"232\" src=\"https:\/\/entreprenari.com\/wp-content\/uploads\/2018\/09\/manuel-laborde.png\" class=\"attachment-large size-large wp-image-2463\" alt=\"\" \/>\t\t\t\t\t\t\t\t\t\t\t\t\t\t\t<\/div>\n\t\t\t\t<\/div>\n\t\t\t\t\t<\/div>\n\t\t<\/div>\n\t\t\t\t<div class=\"elementor-column elementor-col-50 elementor-inner-column elementor-element elementor-element-066d793\" data-id=\"066d793\" data-element_type=\"column\" data-e-type=\"column\">\n\t\t\t<div class=\"elementor-widget-wrap elementor-element-populated\">\n\t\t\t\t\t\t<div class=\"elementor-element elementor-element-8e6a040 elementor-widget elementor-widget-text-editor\" data-id=\"8e6a040\" data-element_type=\"widget\" data-e-type=\"widget\" data-widget_type=\"text-editor.default\">\n\t\t\t\t<div class=\"elementor-widget-container\">\n\t\t\t\t\t\t\t\t\t<p><strong>Tolosan<\/strong> jaio zen <strong>1899ko abenduaren 29an<\/strong> eta <strong>Donostian<\/strong> hil, <strong>1993ko maiatzaren 12an<\/strong>. Ikasketak bere herrian hasi zituen, Santanderreko Industria Eskolan jarraitu eta 1917an Bilboko Ingeniaritzako Goi Mailako Eskola Teknikoan sartu zen. 1923 urtean jaso zuen <strong>Industria Ingeniari<\/strong> titulua.<\/p>\n<p><strong>CAF<\/strong> enpresan hasi zen lanean, eta bertan zuzendari teknikoa izan zen laborategi, galdaketa, burdin-labe eta ijezketa sailetan. Ondoren, <strong>1926an<\/strong>, Laborde familiak <strong>enpresa<\/strong> bat sortu zuen Andoainen. Manuel enpresako zuzendari-gerentea izan zen. Andoaingo Laborde Anaien enpresaren eraikina arkitektura arrazionalistako altxorra da, eta hala aitortu du Eusko Jaurlaritzaren Kultura Kontseilaritzak monumentu izendatzean, Donostiako Nautikoarekin batera. Ondoren, metal astuneko enpresa bateko Administrazio Kontseiluan parte hartu zuen, baita Billabonako makina-erremintako beste enpresa bateko Administrazio Kontseiluan ere.<\/p>\n\t\t\t\t\t\t\t\t<\/div>\n\t\t\t\t<\/div>\n\t\t\t\t\t<\/div>\n\t\t<\/div>\n\t\t\t\t\t<\/div>\n\t\t<\/section>\n\t\t\t\t<div class=\"elementor-element elementor-element-7029e1c elementor-widget elementor-widget-text-editor\" data-id=\"7029e1c\" data-element_type=\"widget\" data-e-type=\"widget\" data-widget_type=\"text-editor.default\">\n\t\t\t\t<div class=\"elementor-widget-container\">\n\t\t\t\t\t\t\t\t\t<p>1927tik aurrera, <strong>&#8220;Aralarren Lagunak\u201d<\/strong> taldeko lehenengo kideetako bat izan zen. 1947an, <strong>ARANZADI<\/strong> Elkarte Zientifikoko sortzaileetako bat izan zen. Bertako lehenengo lehendakariarekin, Tomas Ataurirekin, oso harreman ona zuen, baita bertako lehen idazkariarekin, Jes\u00fas El\u00f3seguirekin, ere; ikerlan askotan aritu ziren elkarlanean.<\/p>\n<p>1952 urtean esku hartze erabakigarria egin zuen, ARANZADIko Jes\u00fas El\u00f3segui eta Euskalerriaren Adiskideen Elkarteko Ziriquiain-Gaiztarrorekin batera, <strong>Jose Miguel Barandiar\u00e1n<\/strong> penintsulako Euskal Herrira itzul zedin, Saran egon ondoren. Harreman estua zuen Barandiaranekin eta Manuel Lekuonarekin.<\/p>\n<p>1963an Bilboko Industria Ingeniarien Goi Mailako Eskola Teknikoko teknologia nuklearreko saileko batzorde exekutiboko kide izendatu zuten. 1969tik aurrera, ikerketa geologikoen <strong>LUCAS MALLADA<\/strong> <strong>Institutuko<\/strong> Kontseilu Teknikoko kide izan zen. <strong>Euskalerriaren Adiskideen Elkarteko<\/strong> kide ere izan zen.<\/p>\n<p>Artikulu ugari idatzi zituen geologiaren, meatzaritza, burdinola eta historiaurreari buruz <strong>ARANZADI<\/strong>ren \u201c<strong>MUNIBE<\/strong>\u201d aldizkarian, <strong>Euskalerriaren Adiskideen Elkarteko <\/strong>\u201cBuletinean\u201d eta beste aldizkari batzuetan. Gipuzkoan bi trikuharri, hamalau estela eta MARIZULO historiaurreko haitzuloa aurkitu zituen. <strong>ARANZADI<\/strong>ren indusketetako ikerketetan lan egin zuen Jesus Altuna, Tomas Atauri, Jose Miguel Barandiar\u00e1n eta Jes\u00fas El\u00f3seguirekin batera. Barandiar\u00e1n eta Altunak 1960 eta 1975 bitartean egindako ikerketa askotan aktiboki parte hartu eta lagundu zuen. Urte latz horietan, laguntza morala eskaintzeaz gain, laguntza materiala ere eskaini zuen ikerketa batzuk aurrera eramateko.<\/p>\n<p>Natura, nekazaritza, filatelia, ikonografia, pintura eta arte grafikoa maite zituen. P\u00edo Caro Barojaren \u201cGuip\u00fazcoa\u201d dokumental apartan berebiziko ekarpena egin zuen.<\/p>\n<p><strong>Eusko Ikaskuntzaren<\/strong> Zientzia Fisiko, Kimiko eta Matematiketako Saileko Presidente izan zen 1978tik 1980ra bitarte. 1984an, Euskalerriaren Adiskideen Elkarteak omenaldia eskaini zion Azkoitiako Insausti Jauregian. 1988an Eusko Ikaskuntzaren <strong>\u201cManuel Lekuona\u201d saria<\/strong> eman zitzaion Aldundian.<\/p>\n<p>Juan Antonio Garmendia El\u00f3seguiren hitzetan, Manuel oso gizon ona zen, eskuzabala, adeitsua, zintzoa, lagunkoia eta jatorra. Goitik beherako gizona.<\/p>\n\t\t\t\t\t\t\t\t<\/div>\n\t\t\t\t<\/div>\n\t\t\t\t\t<\/div>\n\t\t<\/div>\n\t\t\t\t\t<\/div>\n\t\t<\/section>\n\t\t\t\t<\/div>\n\t\t","protected":false},"excerpt":{"rendered":"<p>Tolosan jaio zen 1899ko abenduaren 29an eta Donostian hil, 1993ko maiatzaren 12an. Ikasketak bere herrian hasi zituen, Santanderreko Industria Eskolan jarraitu eta 1917an Bilboko Ingeniaritzako Goi Mailako Eskola Teknikoan sartu zen. 1923 urtean jaso zuen Industria Ingeniari titulua. CAF enpresan hasi zen lanean, eta bertan zuzendari teknikoa izan zen laborategi, galdaketa, burdin-labe eta ijezketa sailetan. [&hellip;]<\/p>\n","protected":false},"author":1,"featured_media":0,"parent":0,"menu_order":0,"comment_status":"closed","ping_status":"closed","template":"elementor_header_footer","meta":{"footnotes":""},"class_list":["post-2475","page","type-page","status-publish","hentry"],"_links":{"self":[{"href":"https:\/\/entreprenari.com\/eu\/wp-json\/wp\/v2\/pages\/2475","targetHints":{"allow":["GET"]}}],"collection":[{"href":"https:\/\/entreprenari.com\/eu\/wp-json\/wp\/v2\/pages"}],"about":[{"href":"https:\/\/entreprenari.com\/eu\/wp-json\/wp\/v2\/types\/page"}],"author":[{"embeddable":true,"href":"https:\/\/entreprenari.com\/eu\/wp-json\/wp\/v2\/users\/1"}],"replies":[{"embeddable":true,"href":"https:\/\/entreprenari.com\/eu\/wp-json\/wp\/v2\/comments?post=2475"}],"version-history":[{"count":15,"href":"https:\/\/entreprenari.com\/eu\/wp-json\/wp\/v2\/pages\/2475\/revisions"}],"predecessor-version":[{"id":7884,"href":"https:\/\/entreprenari.com\/eu\/wp-json\/wp\/v2\/pages\/2475\/revisions\/7884"}],"wp:attachment":[{"href":"https:\/\/entreprenari.com\/eu\/wp-json\/wp\/v2\/media?parent=2475"}],"curies":[{"name":"wp","href":"https:\/\/api.w.org\/{rel}","templated":true}]}}